{"id":192,"date":"2024-06-14T17:20:39","date_gmt":"2024-06-14T15:20:39","guid":{"rendered":"https:\/\/pensament-computa-recursos-test.azurewebsites.net\/?page_id=192"},"modified":"2024-07-09T12:10:48","modified_gmt":"2024-07-09T10:10:48","slug":"1-1-definicion","status":"publish","type":"page","link":"https:\/\/pensament-computacional-test.recursos.uoc.edu\/es\/1-1-definicion\/","title":{"rendered":"1.1. Definici\u00f3n"},"content":{"rendered":"<p>El t\u00e9rmino <em>pensamiento computacional<\/em> no es nuevo. Ya entre 1970 y 1980 Seymur Paper introdujo este t\u00e9rmino en algunas de sus publicaciones cuando inici\u00f3 sus trabajos con el lenguaje de programaci\u00f3n Logo en el MIT. Pero no fue hasta el 2006 cuando Wing public\u00f3 un art\u00edculo en el que establec\u00eda los elementos clave que defin\u00edan una primera aproximaci\u00f3n al concepto de <em>pensamiento computacional<\/em>:<\/p>\n<blockquote><p>\u00abImplica la resoluci\u00f3n de problemas, el dise\u00f1o de sistemas y la comprensi\u00f3n de la conducta humana, haciendo uso de los conceptos fundamentales de la inform\u00e1tica. [&#8230;] El pensamiento computacional es una habilidad fundamental para todos, no solo para los inform\u00e1ticos. En la lectura, escritura y aritm\u00e9tica, deber\u00edamos a\u00f1adir el pensamiento computacional a la capacidad anal\u00edtica de cada ni\u00f1o\u00bb.<\/p><\/blockquote>\n<div class=\"blockquote-author\"><p>Wing (2006, p. 33)<\/p>\n<\/div>\n<p>Posteriormente, otros autores y autoras han enriquecido este t\u00e9rmino y, si bien no se ha llegado a una \u00fanica definici\u00f3n consensuada, la comunidad cient\u00edfica da por buena la propuesta elaborada en 2015 por el CSTA (Computer Science Teachers Association) y la ISTA (Society for Technology in Education) que define el pensamiento computacional como un proceso de soluci\u00f3n de problemas que incluye, entre otras, las siguientes caracter\u00edsticas:<\/p>\n<ul>\n<li>Formular problemas de forma que se pueda utilizar un ordenador o m\u00e1quinas para resolverlos.<\/li>\n<li>Organizar y analizar datos l\u00f3gicamente.<\/li>\n<li>Representar datos a trav\u00e9s de abstracciones tales como modelos y simulaciones.<\/li>\n<li>Automatizar soluciones a trav\u00e9s del pensamiento algor\u00edtmico (una serie de pasos discretos y ordenados).<\/li>\n<li>Identificar, analizar e implementar posibles soluciones con el fin de conseguir la combinaci\u00f3n m\u00e1s efectiva y eficiente de pasos y recursos.<\/li>\n<li>Generalizar y transferir este proceso de soluci\u00f3n de problemas a una amplia variedad de situaciones.<\/li>\n<\/ul>\n<p>En los \u00faltimos a\u00f1os, el concepto de pensamiento computacional ha superado la barrera de los ordenadores para redefinirse como un proceso de pensamiento que no depende necesariamente de las ciencias de la computaci\u00f3n (Bocconi <em>et al.<\/em>, 2016). Es decir, la competencia en pensamiento computacional va m\u00e1s all\u00e1 de la tecnolog\u00eda, y las habilidades asociadas a ella son aplicables en diversos contextos del d\u00eda a d\u00eda.<\/p>\n","protected":false},"excerpt":{"rendered":"<p>El t\u00e9rmino pensamiento computacional no es nuevo. Ya entre 1970 y 1980 Seymur Paper introdujo este t\u00e9rmino en algunas de sus publicaciones cuando inici\u00f3 sus trabajos con el lenguaje de programaci\u00f3n Logo en el MIT. Pero no fue hasta el 2006 cuando Wing public\u00f3 un art\u00edculo en el que establec\u00eda los elementos clave que defin\u00edan [&hellip;]<\/p>\n","protected":false},"author":2,"featured_media":0,"parent":0,"menu_order":0,"comment_status":"closed","ping_status":"closed","template":"","meta":{"_acf_changed":false,"footnotes":""},"acf":[],"_links":{"self":[{"href":"https:\/\/pensament-computacional-test.recursos.uoc.edu\/es\/wp-json\/wp\/v2\/pages\/192"}],"collection":[{"href":"https:\/\/pensament-computacional-test.recursos.uoc.edu\/es\/wp-json\/wp\/v2\/pages"}],"about":[{"href":"https:\/\/pensament-computacional-test.recursos.uoc.edu\/es\/wp-json\/wp\/v2\/types\/page"}],"author":[{"embeddable":true,"href":"https:\/\/pensament-computacional-test.recursos.uoc.edu\/es\/wp-json\/wp\/v2\/users\/2"}],"replies":[{"embeddable":true,"href":"https:\/\/pensament-computacional-test.recursos.uoc.edu\/es\/wp-json\/wp\/v2\/comments?post=192"}],"version-history":[{"count":4,"href":"https:\/\/pensament-computacional-test.recursos.uoc.edu\/es\/wp-json\/wp\/v2\/pages\/192\/revisions"}],"predecessor-version":[{"id":196,"href":"https:\/\/pensament-computacional-test.recursos.uoc.edu\/es\/wp-json\/wp\/v2\/pages\/192\/revisions\/196"}],"wp:attachment":[{"href":"https:\/\/pensament-computacional-test.recursos.uoc.edu\/es\/wp-json\/wp\/v2\/media?parent=192"}],"curies":[{"name":"wp","href":"https:\/\/api.w.org\/{rel}","templated":true}]}}