{"id":202,"date":"2024-06-14T17:23:47","date_gmt":"2024-06-14T15:23:47","guid":{"rendered":"https:\/\/pensament-computa-recursos-test.azurewebsites.net\/?page_id=202"},"modified":"2024-07-09T12:16:45","modified_gmt":"2024-07-09T10:16:45","slug":"2-1-introduccion","status":"publish","type":"page","link":"https:\/\/pensament-computacional-test.recursos.uoc.edu\/es\/2-1-introduccion\/","title":{"rendered":"2.1. Introducci\u00f3n"},"content":{"rendered":"<p>Buena parte de los puestos de trabajo que existir\u00e1n en los pr\u00f3ximos a\u00f1os todav\u00eda no han sido inventados. Las personas tendr\u00e1n que ser capaces de adaptarse a trabajos emergentes y de aplicar un conjunto de habilidades propias del siglo <span class=\"roman\">xxi<\/span>, entre las que desempe\u00f1an un papel importante las habilidades tecnol\u00f3gicas vinculadas al pensamiento computacional (Coronel y Lima, 2020).<\/p>\n<p>En este sentido, existe una extensa literatura sobre las habilidades asociadas al pensamiento computacional. Bocconi <em>et al.<\/em> (2016) identificaron las habilidades m\u00e1s presentes en la literatura y confeccionaron la siguiente lista:<\/p>\n<ul>\n<li>Abstracci\u00f3n<\/li>\n<li>Informaci\u00f3n<\/li>\n<li>An\u00e1lisis<\/li>\n<li>Pensamiento algor\u00edtmico<\/li>\n<li>Automatizaci\u00f3n<\/li>\n<li>Pensamiento recursivo<\/li>\n<li>Representaci\u00f3n de datos<\/li>\n<li>Simulaci\u00f3n<\/li>\n<li>Formulaci\u00f3n de problemas para poder resolverlos con ordenadores<\/li>\n<li>Creaci\u00f3n de programas de computadora<\/li>\n<li>Generalizaci\u00f3n<\/li>\n<li>Evaluaci\u00f3n y depuraci\u00f3n<\/li>\n<\/ul>\n<p>En el \u00e1mbito educativo, esta lista se sintetiza en cinco habilidades objetivo que todo estudiante deber\u00eda adquirir de manera gradual durante su escolarizaci\u00f3n obligatoria (CAS, 2015; Dorling, 2015):<\/p>\n<ul>\n<li>Algor\u00edstica<\/li>\n<li>Descomposici\u00f3n<\/li>\n<li>Abstracci\u00f3n<\/li>\n<li>Generalizaci\u00f3n y patrones<\/li>\n<li>Evaluaci\u00f3n<\/li>\n<\/ul>\n<p>Estas habilidades se convierten en habilidades de gran valor, adem\u00e1s, porque son aplicables en muchos contextos m\u00e1s all\u00e1 de lo tecnol\u00f3gico. Por este motivo, deber\u00edan formar parte de la formaci\u00f3n integral de cualquier persona, para que pueda vivir, trabajar, aprender, comunicarse y participar en la sociedad de la informaci\u00f3n (Joint Research Center, 2016).<\/p>\n","protected":false},"excerpt":{"rendered":"<p>Buena parte de los puestos de trabajo que existir\u00e1n en los pr\u00f3ximos a\u00f1os todav\u00eda no han sido inventados. Las personas tendr\u00e1n que ser capaces de adaptarse a trabajos emergentes y de aplicar un conjunto de habilidades propias del siglo , entre las que desempe\u00f1an un papel importante las habilidades tecnol\u00f3gicas vinculadas al pensamiento computacional (Coronel [&hellip;]<\/p>\n","protected":false},"author":2,"featured_media":0,"parent":0,"menu_order":0,"comment_status":"closed","ping_status":"closed","template":"","meta":{"_acf_changed":false,"footnotes":""},"acf":[],"_links":{"self":[{"href":"https:\/\/pensament-computacional-test.recursos.uoc.edu\/es\/wp-json\/wp\/v2\/pages\/202"}],"collection":[{"href":"https:\/\/pensament-computacional-test.recursos.uoc.edu\/es\/wp-json\/wp\/v2\/pages"}],"about":[{"href":"https:\/\/pensament-computacional-test.recursos.uoc.edu\/es\/wp-json\/wp\/v2\/types\/page"}],"author":[{"embeddable":true,"href":"https:\/\/pensament-computacional-test.recursos.uoc.edu\/es\/wp-json\/wp\/v2\/users\/2"}],"replies":[{"embeddable":true,"href":"https:\/\/pensament-computacional-test.recursos.uoc.edu\/es\/wp-json\/wp\/v2\/comments?post=202"}],"version-history":[{"count":3,"href":"https:\/\/pensament-computacional-test.recursos.uoc.edu\/es\/wp-json\/wp\/v2\/pages\/202\/revisions"}],"predecessor-version":[{"id":206,"href":"https:\/\/pensament-computacional-test.recursos.uoc.edu\/es\/wp-json\/wp\/v2\/pages\/202\/revisions\/206"}],"wp:attachment":[{"href":"https:\/\/pensament-computacional-test.recursos.uoc.edu\/es\/wp-json\/wp\/v2\/media?parent=202"}],"curies":[{"name":"wp","href":"https:\/\/api.w.org\/{rel}","templated":true}]}}