{"id":226,"date":"2024-06-14T17:55:30","date_gmt":"2024-06-14T15:55:30","guid":{"rendered":"https:\/\/pensament-computa-recursos-test.azurewebsites.net\/?page_id=226"},"modified":"2024-07-09T12:42:38","modified_gmt":"2024-07-09T10:42:38","slug":"2-7-resumen-de-ideas-clave","status":"publish","type":"page","link":"https:\/\/pensament-computacional-test.recursos.uoc.edu\/es\/2-7-resumen-de-ideas-clave\/","title":{"rendered":"2.7. Resumen de ideas clave"},"content":{"rendered":"<p>Las habilidades de pensamiento computacional deben concebirse tambi\u00e9n como un todo en el que las habilidades est\u00e1n interrelacionadas y se aplican a menudo de forma integrada. En estas relaciones, la evaluaci\u00f3n es un punto de convergencia con todas las dem\u00e1s habilidades para establecer con frecuencia la necesidad de aplicar o repetir alguna habilidad para lograr un mejor resultado.<\/p>\n<p>En resumen, las ideas clave que definen las habilidades de pensamiento computacional son las siguientes:<\/p>\n<table>\n<tbody>\n<tr>\n<td width=\"152\"><strong>Habilidad<\/strong><\/td>\n<td width=\"414\"><strong>Descripci\u00f3n<\/strong><\/td>\n<\/tr>\n<tr>\n<td width=\"152\"><strong>Algor\u00edstica<\/strong><\/td>\n<td width=\"414\">Desarrollar un conjunto de instrucciones paso a paso para resolver un problema o realizar una tarea de manera eficiente y efectiva<\/td>\n<\/tr>\n<tr>\n<td width=\"152\"><strong>Descomposici\u00f3n<\/strong><\/td>\n<td width=\"414\">Dividir un problema complejo en partes m\u00e1s peque\u00f1as y manejables para comprender mejor el problema y abordarlo de forma m\u00e1s efectiva.<\/td>\n<\/tr>\n<tr>\n<td width=\"152\"><strong>Abstracci\u00f3n<\/strong><\/td>\n<td width=\"414\">Identificar aspectos esenciales de un problema e ignorar los detalles no relevantes. Utilizar modelos y representaciones para simplificar y comprender el problema.<\/td>\n<\/tr>\n<tr>\n<td width=\"152\"><strong>Generalizaci\u00f3n y patrones<\/strong><\/td>\n<td width=\"414\">Identificar tendencias o secuencias regulares en datos o problemas y utilizarlas para predecir o resolver situaciones nuevas.<\/td>\n<\/tr>\n<tr>\n<td width=\"152\"><strong>Evaluaci\u00f3n<\/strong><\/td>\n<td width=\"414\">Revisar el resultado final de una tarea y valorar objetivamente si se ha cumplido con su objetivo inicial. En caso negativo, identificar qu\u00e9 mejoras deber\u00edan aplicarse para lograr un resultado satisfactorio.<\/td>\n<\/tr>\n<\/tbody>\n<\/table>\n","protected":false},"excerpt":{"rendered":"<p>Las habilidades de pensamiento computacional deben concebirse tambi\u00e9n como un todo en el que las habilidades est\u00e1n interrelacionadas y se aplican a menudo de forma integrada. En estas relaciones, la evaluaci\u00f3n es un punto de convergencia con todas las dem\u00e1s habilidades para establecer con frecuencia la necesidad de aplicar o repetir alguna habilidad para lograr [&hellip;]<\/p>\n","protected":false},"author":2,"featured_media":0,"parent":0,"menu_order":0,"comment_status":"closed","ping_status":"closed","template":"","meta":{"_acf_changed":false,"footnotes":""},"acf":[],"_links":{"self":[{"href":"https:\/\/pensament-computacional-test.recursos.uoc.edu\/es\/wp-json\/wp\/v2\/pages\/226"}],"collection":[{"href":"https:\/\/pensament-computacional-test.recursos.uoc.edu\/es\/wp-json\/wp\/v2\/pages"}],"about":[{"href":"https:\/\/pensament-computacional-test.recursos.uoc.edu\/es\/wp-json\/wp\/v2\/types\/page"}],"author":[{"embeddable":true,"href":"https:\/\/pensament-computacional-test.recursos.uoc.edu\/es\/wp-json\/wp\/v2\/users\/2"}],"replies":[{"embeddable":true,"href":"https:\/\/pensament-computacional-test.recursos.uoc.edu\/es\/wp-json\/wp\/v2\/comments?post=226"}],"version-history":[{"count":3,"href":"https:\/\/pensament-computacional-test.recursos.uoc.edu\/es\/wp-json\/wp\/v2\/pages\/226\/revisions"}],"predecessor-version":[{"id":231,"href":"https:\/\/pensament-computacional-test.recursos.uoc.edu\/es\/wp-json\/wp\/v2\/pages\/226\/revisions\/231"}],"wp:attachment":[{"href":"https:\/\/pensament-computacional-test.recursos.uoc.edu\/es\/wp-json\/wp\/v2\/media?parent=226"}],"curies":[{"name":"wp","href":"https:\/\/api.w.org\/{rel}","templated":true}]}}