{"id":230,"date":"2024-06-14T17:58:35","date_gmt":"2024-06-14T15:58:35","guid":{"rendered":"https:\/\/pensament-computa-recursos-test.azurewebsites.net\/?page_id=230"},"modified":"2024-09-06T15:40:12","modified_gmt":"2024-09-06T13:40:12","slug":"3-conexiones-entre-el-pensamiento-computacional-y-ambitos-curriculares-de-primaria","status":"publish","type":"page","link":"https:\/\/pensament-computacional-test.recursos.uoc.edu\/es\/3-conexiones-entre-el-pensamiento-computacional-y-ambitos-curriculares-de-primaria\/","title":{"rendered":"3. Conexiones entre el pensamiento computacional y \u00e1mbitos curriculares de primaria"},"content":{"rendered":"<p>Los ejemplos explicados junto con las habilidades del pensamiento computacional nos han permitido captar que estas habilidades se pueden aplicar en muchos \u00e1mbitos de la vida, por lo que su valor traspasa la frontera de los entornos de programaci\u00f3n para convertirse en un conjunto de habilidades clave para la ciudadan\u00eda. Si bien existen varios entornos de tecnolog\u00eda digital (como Scratch o Code) que permiten realizar un trabajo sistem\u00e1tico del pensamiento computacional, existen otros \u00e1mbitos curriculares que permiten trabajar el pensamiento computacional a trav\u00e9s de actividades concretas.<\/p>\n<p>En este sentido, a continuaci\u00f3n se presentan ejemplos de actividades basadas en las habilidades de pensamiento computacional enmarcadas en distintos \u00e1mbitos curriculares.<\/p>\n<p><a class=\"cs-lightbox\" href=\"\/wp-content\/uploads\/2024\/09\/PID_00301455_07.gif\"><img loading=\"lazy\" decoding=\"async\" class=\"alignnone wp-image-284 size-full\" src=\"\/wp-content\/uploads\/2024\/09\/PID_00301455_07.gif\" alt=\"\" width=\"800\" height=\"963\" \/><\/a><\/p>\n<p>En los enlaces siguientes desarrollamos los ejemplos de las cinco habilidades fundamentales del pensamiento computacional:<\/p>\n<ul>\n<li><a href=\"https:\/\/pensament-computa-recursos-test.azurewebsites.net\/es\/ejemplo-de-actividad-de-algoristica-en-el-ambito-matematico\/\" target=\"_blank\" rel=\"noopener\"><strong>Algor\u00edstica<\/strong><\/a><\/li>\n<li><a href=\"https:\/\/pensament-computa-recursos-test.azurewebsites.net\/es\/ejemplo-de-actividad-de-descomposicion-en-el-ambito-linguistico\/\" target=\"_blank\" rel=\"noopener\"><strong>Descomposici\u00f3n<\/strong><\/a><\/li>\n<li><a href=\"https:\/\/pensament-computa-recursos-test.azurewebsites.net\/es\/ejemplo-de-actividad-de-abstraccion-en-el-ambito-de-conocimiento-del-medio\/\" target=\"_blank\" rel=\"noopener\"><strong>Abstracci\u00f3n<\/strong><\/a><\/li>\n<li><a href=\"https:\/\/pensament-computa-recursos-test.azurewebsites.net\/es\/ejemplo-de-actividad-de-generalizacion-y-patrones-en-el-ambito-linguistico\/\" target=\"_blank\" rel=\"noopener\"><strong>Generalizaci\u00f3n y patrones<\/strong><\/a><\/li>\n<li><a href=\"https:\/\/pensament-computa-recursos-test.azurewebsites.net\/es\/ejemplo-de-actividad-de-evaluacion-en-el-ambito-del-conocimiento-del-medio\/\" target=\"_blank\" rel=\"noopener\"><strong>Evaluaci\u00f3n<\/strong><\/a><\/li>\n<\/ul>\n","protected":false},"excerpt":{"rendered":"<p>Los ejemplos explicados junto con las habilidades del pensamiento computacional nos han permitido captar que estas habilidades se pueden aplicar en muchos \u00e1mbitos de la vida, por lo que su valor traspasa la frontera de los entornos de programaci\u00f3n para convertirse en un conjunto de habilidades clave para la ciudadan\u00eda. Si bien existen varios entornos [&hellip;]<\/p>\n","protected":false},"author":2,"featured_media":0,"parent":0,"menu_order":0,"comment_status":"closed","ping_status":"closed","template":"","meta":{"_acf_changed":false,"footnotes":""},"acf":[],"_links":{"self":[{"href":"https:\/\/pensament-computacional-test.recursos.uoc.edu\/es\/wp-json\/wp\/v2\/pages\/230"}],"collection":[{"href":"https:\/\/pensament-computacional-test.recursos.uoc.edu\/es\/wp-json\/wp\/v2\/pages"}],"about":[{"href":"https:\/\/pensament-computacional-test.recursos.uoc.edu\/es\/wp-json\/wp\/v2\/types\/page"}],"author":[{"embeddable":true,"href":"https:\/\/pensament-computacional-test.recursos.uoc.edu\/es\/wp-json\/wp\/v2\/users\/2"}],"replies":[{"embeddable":true,"href":"https:\/\/pensament-computacional-test.recursos.uoc.edu\/es\/wp-json\/wp\/v2\/comments?post=230"}],"version-history":[{"count":8,"href":"https:\/\/pensament-computacional-test.recursos.uoc.edu\/es\/wp-json\/wp\/v2\/pages\/230\/revisions"}],"predecessor-version":[{"id":255,"href":"https:\/\/pensament-computacional-test.recursos.uoc.edu\/es\/wp-json\/wp\/v2\/pages\/230\/revisions\/255"}],"wp:attachment":[{"href":"https:\/\/pensament-computacional-test.recursos.uoc.edu\/es\/wp-json\/wp\/v2\/media?parent=230"}],"curies":[{"name":"wp","href":"https:\/\/api.w.org\/{rel}","templated":true}]}}