{"id":238,"date":"2024-06-14T17:59:09","date_gmt":"2024-06-14T15:59:09","guid":{"rendered":"https:\/\/pensament-computa-recursos-test.azurewebsites.net\/?page_id=238"},"modified":"2024-07-09T14:42:26","modified_gmt":"2024-07-09T12:42:26","slug":"conclusion","status":"publish","type":"page","link":"https:\/\/pensament-computacional-test.recursos.uoc.edu\/es\/conclusion\/","title":{"rendered":"Conclusi\u00f3n"},"content":{"rendered":"<p>A lo largo de este material se ha puesto de manifiesto que el pensamiento computacional es una competencia esencial en el siglo <span class=\"roman\">xxi<\/span>. Incluye un conjunto de habilidades clave para la resoluci\u00f3n de problemas, para el uso eficiente de lenguajes de programaci\u00f3n y tambi\u00e9n para otros muchos \u00e1mbitos de la vida. Por este motivo, es primordial que todos los docentes integren su pr\u00e1ctica en sus programaciones did\u00e1cticas. En este sentido, Bocconi <em>et al.<\/em> (2016) sugieren que el pensamiento computacional se puede integrar de diversas formas en el curr\u00edculo: como tema transversal, como asignatura separada, dentro de otras asignaturas como las matem\u00e1ticas o la tecnolog\u00eda, o, incluso, de forma separada del \u00e1mbito digital.<\/p>\n<div class=\"featured featured-blue\"><p>Lo importante es definir como centro educativo una secuenciaci\u00f3n del trabajo del pensamiento computacional a lo largo de los cursos, estableciendo una coherencia vertical y asegurando una buena competencia del alumnado al terminar la etapa de educaci\u00f3n primaria. Es por ello que varios autores subrayan la necesidad de formar a los equipos de maestros para que adquieran una buena experiencia did\u00e1ctica en esta materia, no solo para convertirse en buenos gu\u00edas en el correspondiente aprendizaje de los alumnos, sino tambi\u00e9n para integrar y trabajar el pensamiento computacional en el d\u00eda a d\u00eda y desde diferentes perspectivas y situaciones.<\/p>\n<\/div>\n","protected":false},"excerpt":{"rendered":"<p>A lo largo de este material se ha puesto de manifiesto que el pensamiento computacional es una competencia esencial en el siglo . Incluye un conjunto de habilidades clave para la resoluci\u00f3n de problemas, para el uso eficiente de lenguajes de programaci\u00f3n y tambi\u00e9n para otros muchos \u00e1mbitos de la vida. Por este motivo, es [&hellip;]<\/p>\n","protected":false},"author":2,"featured_media":0,"parent":0,"menu_order":0,"comment_status":"closed","ping_status":"closed","template":"","meta":{"_acf_changed":false,"footnotes":""},"acf":[],"_links":{"self":[{"href":"https:\/\/pensament-computacional-test.recursos.uoc.edu\/es\/wp-json\/wp\/v2\/pages\/238"}],"collection":[{"href":"https:\/\/pensament-computacional-test.recursos.uoc.edu\/es\/wp-json\/wp\/v2\/pages"}],"about":[{"href":"https:\/\/pensament-computacional-test.recursos.uoc.edu\/es\/wp-json\/wp\/v2\/types\/page"}],"author":[{"embeddable":true,"href":"https:\/\/pensament-computacional-test.recursos.uoc.edu\/es\/wp-json\/wp\/v2\/users\/2"}],"replies":[{"embeddable":true,"href":"https:\/\/pensament-computacional-test.recursos.uoc.edu\/es\/wp-json\/wp\/v2\/comments?post=238"}],"version-history":[{"count":3,"href":"https:\/\/pensament-computacional-test.recursos.uoc.edu\/es\/wp-json\/wp\/v2\/pages\/238\/revisions"}],"predecessor-version":[{"id":275,"href":"https:\/\/pensament-computacional-test.recursos.uoc.edu\/es\/wp-json\/wp\/v2\/pages\/238\/revisions\/275"}],"wp:attachment":[{"href":"https:\/\/pensament-computacional-test.recursos.uoc.edu\/es\/wp-json\/wp\/v2\/media?parent=238"}],"curies":[{"name":"wp","href":"https:\/\/api.w.org\/{rel}","templated":true}]}}