{"id":240,"date":"2024-06-14T17:14:02","date_gmt":"2024-06-14T15:14:02","guid":{"rendered":"https:\/\/pensament-computa-recursos-test.azurewebsites.net\/?page_id=240"},"modified":"2024-07-09T13:05:03","modified_gmt":"2024-07-09T11:05:03","slug":"introduccion","status":"publish","type":"page","link":"https:\/\/pensament-computacional-test.recursos.uoc.edu\/es\/","title":{"rendered":"Introducci\u00f3n"},"content":{"rendered":"<p>El pensamiento computacional es una competencia que ayuda al alumnado a desarrollar habilidades de pensamiento tanto en el marco de la computaci\u00f3n como en distintos \u00e1mbitos de la vida. Es una competencia b\u00e1sica y fundamental para los ciudadanos de la sociedad digital que debe formar parte de la ense\u00f1anza curricular. Por este motivo, es necesario que los docentes aprendan a integrar significativamente esta competencia en su did\u00e1ctica.<\/p>\n<p>Este recurso est\u00e1 orientado a futuras y futuros maestros con el objetivo de facilitar la adquisici\u00f3n de un conocimiento b\u00e1sico y fundamental sobre el pensamiento computacional y su aplicaci\u00f3n en contextos educativos.<\/p>\n","protected":false},"excerpt":{"rendered":"<p>El pensamiento computacional es una competencia que ayuda al alumnado a desarrollar habilidades de pensamiento tanto en el marco de la computaci\u00f3n como en distintos \u00e1mbitos de la vida. Es una competencia b\u00e1sica y fundamental para los ciudadanos de la sociedad digital que debe formar parte de la ense\u00f1anza curricular. Por este motivo, es necesario [&hellip;]<\/p>\n","protected":false},"author":2,"featured_media":0,"parent":0,"menu_order":0,"comment_status":"closed","ping_status":"closed","template":"","meta":{"_acf_changed":false,"footnotes":""},"acf":[],"_links":{"self":[{"href":"https:\/\/pensament-computacional-test.recursos.uoc.edu\/es\/wp-json\/wp\/v2\/pages\/240"}],"collection":[{"href":"https:\/\/pensament-computacional-test.recursos.uoc.edu\/es\/wp-json\/wp\/v2\/pages"}],"about":[{"href":"https:\/\/pensament-computacional-test.recursos.uoc.edu\/es\/wp-json\/wp\/v2\/types\/page"}],"author":[{"embeddable":true,"href":"https:\/\/pensament-computacional-test.recursos.uoc.edu\/es\/wp-json\/wp\/v2\/users\/2"}],"replies":[{"embeddable":true,"href":"https:\/\/pensament-computacional-test.recursos.uoc.edu\/es\/wp-json\/wp\/v2\/comments?post=240"}],"version-history":[{"count":1,"href":"https:\/\/pensament-computacional-test.recursos.uoc.edu\/es\/wp-json\/wp\/v2\/pages\/240\/revisions"}],"predecessor-version":[{"id":241,"href":"https:\/\/pensament-computacional-test.recursos.uoc.edu\/es\/wp-json\/wp\/v2\/pages\/240\/revisions\/241"}],"wp:attachment":[{"href":"https:\/\/pensament-computacional-test.recursos.uoc.edu\/es\/wp-json\/wp\/v2\/media?parent=240"}],"curies":[{"name":"wp","href":"https:\/\/api.w.org\/{rel}","templated":true}]}}